{"id":5,"date":"2018-11-25T01:02:00","date_gmt":"2018-11-25T01:02:00","guid":{"rendered":"http:\/\/surpa.net\/es\/materialis\/"},"modified":"2026-05-12T10:03:51","modified_gmt":"2026-05-12T10:03:51","slug":"materialis","status":"publish","type":"page","link":"https:\/\/surpa.net\/es\/","title":{"rendered":"Front Page"},"content":{"rendered":"<!-- wp:extendstudio\/materialis--><div  id=\"overlappable-8\" style=\"background-color: rgb(255, 255, 255); background-image: none;\" data-label=\"Overlappable\" data-id=\"overlappable-5-materialis\" data-export-id=\"overlappable-5-materialis\" data-category=\"overlappable\" class=\"overlappable-5-materialis content-section content-section-spacing-large\" data-overlap=\"true\"><div  class=\"gridContainer\"> <div  data-type=\"row\" class=\"row spaced-cols content-center-sm\"> <div  class=\"col-sm-6 col-md-4 \"> <div  class=\"card mdc-elevation--z3 row-card\"><div  class=\"row\"> <div  class=\"col-sm-fit icon-col\" data-preview-empty=\"1\"><\/div> <div  class=\"col-sm\" data-type=\"column\"><img  decoding=\"async\" class=\"custom-image\" src=\"https:\/\/surpa.net\/es\/wp-content\/uploads\/2018\/11\/vikan_logo_h70px-1.png\" scale=\"0\"><h4  class=\"color-black\">DISTRIBUIDOR VIKAN<\/h4> <p  class=\"\">Surpa, C.A. es el distribuidor exclusivo de A\/S Vikan en Venezuela.<\/p><\/div> <\/div><\/div> <\/div><div  class=\"col-sm-6 col-md-4 \"> <div  class=\"card mdc-elevation--z3 row-card\"> <div  class=\"row\"> <div  class=\"col-sm-fit icon-col\" data-preview-empty=\"1\"> <\/div> <div  class=\"col-sm\" data-type=\"column\"><img  decoding=\"async\" class=\"custom-image\" src=\"https:\/\/surpa.net\/es\/wp-content\/uploads\/2018\/11\/issa_member_logo_h70px-1.png\" scale=\"0\"><h4  class=\"color-black\">MIEMBRO ISSA<\/h4> <p  class=\"\">Somos miembro de la asociaci\u00f3n lider alrededor del mundo para la industria de la limpieza.<\/p><\/div> <\/div><\/div> <\/div> <div  class=\"col-sm-6 col-md-4\"> <div  class=\"card mdc-elevation--z3 row-card\"><div  class=\"row\"> <div  class=\"col-sm-fit icon-col\" data-preview-empty=\"1\"><\/div> <div  class=\"col-sm\" data-type=\"column\"><img  decoding=\"async\" class=\"custom-image\" src=\"https:\/\/surpa.net\/es\/wp-content\/uploads\/2020\/10\/logo-streamlight.png\" scale=\"0\"><h4  class=\"color-black\">SOMOS DISTRIBUIDORES<\/h4> <p  class=\"\">Surpa, C.A. es el distribuidor Streamlight en Venezuela.<\/p><\/div> <\/div><\/div> <\/div><\/div> <\/div><\/div><!-- \/wp:extendstudio\/materialis--><!-- wp:extendstudio\/materialis--><div  data-label=\"About\" data-id=\"about--1\" data-export-id=\"about-1\" data-category=\"about\" class=\"about-1 content-section content-section-spacing-large\" id=\"about-1\" style=\"background-color: rgb(255, 255, 255); background-image: none;\"><div  class=\"gridContainer\"> <div  class=\"row \"><div  class=\"col-xs-12 text-center space-bottom-small\"> <div  class=\"section-title-col\" data-type=\"column\"><h5  class=\"\">CONOCE NUESTROS PRODUCTOS Y SERVICIOS<\/h5> <h2  class=\"\">En Surpa, C.A. te ofrecemos soluciones a los desaf\u00edos de higiene<span  href=\"#\" style=\"font-weight: 700; font-family: Playfair Display,sans-serif; font-style: italic;\"><\/span> combinando calidad y experiencia<\/h2> <p  class=\"lead\">Ofrecemos una amplia gama de productos para contribuir en la sanitizaci\u00f3n y limpieza de espacios de fabricaci\u00f3n de alimentos, asegurando desde la limpieza la inocuidad de los mismos.<\/p> <\/div> <\/div> <div  class=\"col-xs-12 \"> <div  class=\"col-xs bottom-xs flexbox image-group-bottom-3-img center-xs\"> <img  decoding=\"async\" class=\"left-img mdc-elevation--z10 rounded-topleft-topright\" data-size=\"400x275\" src=\"https:\/\/surpa.net\/es\/wp-content\/uploads\/2018\/11\/cropped-brush-red-1.jpg\" scale=\"0\"> <img  decoding=\"async\" class=\"center-img mdc-elevation--z10 rounded-topleft-topright\" data-size=\"500x325\" src=\"https:\/\/surpa.net\/es\/wp-content\/uploads\/2018\/11\/cropped-Vikan-main-1.jpg\" scale=\"0\"> <img  decoding=\"async\" class=\"right-img mdc-elevation--z10 rounded-topleft-topright\" data-size=\"400x275\" src=\"https:\/\/surpa.net\/es\/wp-content\/uploads\/2018\/11\/cropped-limpiatuberias-1.jpg\" scale=\"0\"><\/div> <\/div><\/div> <\/div><\/div><!-- \/wp:extendstudio\/materialis--><!-- wp:extendstudio\/materialis--><div  data-label=\"Streamlight\" data-id=\"about--2\" data-export-id=\"about-9\" data-category=\"about\" class=\"about-9 content-section content-section-spacing-large\" id=\"streamlight\" style=\"background-color: rgb(245, 250, 253);\"><div  class=\"gridContainer\"> <div  class=\"row middle-sm text-center\"><div  class=\"col-sm-5 space-bottom-xs content-column content-right-sm\" data-type=\"column\"> <h5  class=\"\">LAMPARAS Y LINTERNAS<\/h5> <h2  class=\"\">Streamlight&nbsp;<br ><span  style=\"font-family: Playfair Display,sans-serif; font-weight: 700; font-style: italic;\" href=\"#\">en Venezuela \n<\/span>de la mano de Surpa, C.A.<\/h2> <p  class=\"\">Linternas y L\u00e1mparas especialmente dise\u00f1adas, para ser utilizadas \u00aben donde pueda existir riesgo de incendio o explosi\u00f3n\u00bb.&nbsp;\n<br ><br >\n<br >La marca de Linternas Streamlight, est\u00e1 certificada por ATEX e IECEX, lo que la hace de uso seguro a nivel mundial, es una luz clasificada como segura para el entorno particular, donde se va a utilizar.<\/p> <a  class=\"button big color1 mdc-ripple-upgraded\" href=\"https:\/\/surpa.net\/es?page_id=955\" target=\"_self\" data-cp-link=\"1\" rel=\"noopener noreferrer\">Quiero saber m\u00e1s<\/a><\/div> <div  class=\"col-sm-7 flexbox flexbox middle-xs center-xs\"><div  class=\"overlay-box flexbox middle-xs center-xs overlay-holder \"> <div  class=\"overlay-box-offset offset-background mdc-elevation--z5 bg-color2 hide-xs border-radius-8\"><\/div> <img  decoding=\"async\" class=\"flexbox mdc-elevation--z10 img1 rounded\" src=\"https:\/\/surpa.net\/es\/wp-content\/uploads\/2020\/10\/cropped-Streamlight-2.jpg\"><\/div> <\/div><\/div> <\/div><\/div><!-- \/wp:extendstudio\/materialis--><!-- Instagram Feed JS --><!-- wp:extendstudio\/materialis--><div  id=\"cta-1\" style=\"background-color: rgb(245, 250, 253); background-size: cover; background-position: center top; background-image: url(&quot;https:\/\/surpa.net\/es\/wp-content\/uploads\/2020\/10\/bandera-vikan-linterna-streamlight-1.jpg&quot;);\" data-label=\"Cta\" data-id=\"cta-1-materialis\" data-export-id=\"cta-1-materialis\" data-category=\"cta\" class=\"content-relative content-section content-section-spacing-large cta-1-materialis section-title-col-white-text\" data-parallax-depth=\"20\" data-ovid=\"1\"><div  class=\"gridContainer\"> <div  class=\"row text-center col-sm-padding-medium\"><div  class=\"col-md-6 col-md-offset-3 col-xs-10 col-xs-offset-1 card mdc-elevation--z3 box-padding-lr-small\"> <div  data-type=\"column\" class=\"\"><h2  class=\"\">Descarga<\/h2> <p  class=\"\">Obtenga desde ya nuestra gu\u00eda r\u00e1pida de productos.&nbsp;<br >Si requiere informaci\u00f3n adicional \u00a1cont\u00e1ctenos! y enseguida nos comunicaremos con usted.<\/p> <a  class=\"button blue mdc-ripple-upgraded\" href=\"#\" target=\"_self\" data-cp-link=\"1\" rel=\"noopener noreferrer\">VIKAN<\/a><a  class=\"button blue mdc-ripple-upgraded\" href=\"#\" target=\"_self\" data-cp-link=\"1\" rel=\"noopener noreferrer\">STREAMLIGHT<\/a><\/div> <\/div><\/div> <\/div><\/div><!-- \/wp:extendstudio\/materialis--><!-- wp:extendstudio\/materialis--><div  data-label=\"Features\" data-id=\"features--1\" data-export-id=\"features-1-materialis\" data-category=\"features\" class=\"features-1m content-section content-section-spacing-large\" id=\"features-1\" style=\"background-color: rgb(245, 250, 253);\"><div  class=\"gridContainer\"> <div  class=\"row text-center\"><div  class=\"section-title-col\" data-type=\"column\"> <h2  class=\"\">Si no funciona, no es Vikan<\/h2> <p  class=\"\">En Surpa, C.A. nos define la experiencia y responsabilidad<\/p><\/div> <\/div> <div  class=\"row top-xs space-top-small content-center-sm\" data-type=\"row\"> <div  class=\"col-md-4 col-sm-4 col-xs-12 space-bottom\" data-type=\"column\">  <img  decoding=\"async\" class=\"custom-image\" src=\"https:\/\/surpa.net\/es\/wp-content\/uploads\/2018\/11\/boton-diseno-higienico.png\" scale=\"0\"><h4  class=\"\">Dise\u00f1o Higi\u00e9nico<\/h4> <p  class=\"\">Garantiza que las herramientas de limpieza permanezcan libre de contaminantes<\/p><\/div> <div  class=\"col-md-4 col-sm-4 col-xs-12 space-bottom\" data-type=\"column\"> <img  decoding=\"async\" class=\"custom-image\" src=\"https:\/\/surpa.net\/es\/wp-content\/uploads\/2018\/11\/boton-codigo-colores-vikan-1.png\" scale=\"0\"><h4  class=\"\">Codificaci\u00f3n por colores<\/h4> <p  class=\"\">Facilita la clasificaci\u00f3n higi\u00e9nica de las herramientas de limpieza, para evitar la contaminaci\u00f3n cruzada <\/p><a  class=\"link\" href=\"https:\/\/www.vikan.com\/es\/expertos-en-higiene\/clasificaci%C3%B3n-por-colores\" target=\"_blank\" data-cp-link=\"1\" rel=\"noopener noreferrer\">Ver +<\/a><\/div> <div  class=\"col-md-4 col-sm-4 col-xs-12 space-bottom\" data-type=\"column\"> <img  decoding=\"async\" class=\"custom-image\" src=\"https:\/\/surpa.net\/es\/wp-content\/uploads\/2018\/11\/boton-UST-1.png\" scale=\"0\"><h4  class=\"\">Ultra Safe Technology<\/h4> <p  class=\"\">El nuevo estandar de dise\u00f1o higi\u00e9nico en el campo de los cepillos para el sector alimenticio<\/p><a  class=\"link\" href=\"http:\/\/ust.vikan.com\/es\/intro\" target=\"_blank\" data-cp-link=\"1\" rel=\"noopener noreferrer\">Ver +<\/a><\/div> <div  class=\"col-md-4 col-sm-4 col-xs-12 space-bottom\" data-type=\"column\">  <img  decoding=\"async\" class=\"custom-image\" src=\"https:\/\/surpa.net\/es\/wp-content\/uploads\/2018\/11\/boton-aprobado-normas-cert-1.png\" scale=\"0\"><h4  class=\"\">Cumplen con las Normas<\/h4> <p  class=\"\">FDA (Food and Drug Administration de los EEUU)\n<br >Reglamento de la Comisi\u00f3n de la Uni\u00f3n Europea N\u00b0 10\/2011 de productos destinados para el contacto directo con los alimentos<\/p><\/div><div  class=\"col-md-4 col-sm-4 col-xs-12 space-bottom\" data-type=\"column\">  <img  decoding=\"async\" class=\"custom-image\" src=\"https:\/\/surpa.net\/es\/wp-content\/uploads\/2018\/11\/asesoria-1.png\" scale=\"0\"><h4  class=\"\">Asesor\u00eda T\u00e9cnica<\/h4> <p  class=\"\">Te acompa\u00f1amos en la selecci\u00f3n de la herramienta de limpieza que mejor se adapte a tu proceso productivo<\/p><\/div><div  class=\"col-md-4 col-sm-4 col-xs-12 space-bottom\" data-type=\"column\">  <img  decoding=\"async\" class=\"custom-image\" src=\"https:\/\/surpa.net\/es\/wp-content\/uploads\/2018\/11\/boton-ubicacion-1.png\" scale=\"0\"><h4  class=\"\">Ubicaci\u00f3n Estrat\u00e9gica<\/h4> <p  class=\"\">Nos encontramos en la regi\u00f3n central del pa\u00eds, lo cual nos permite estar m\u00e1s cerca de ustedes<\/p><\/div><\/div><\/div> <\/div><!-- \/wp:extendstudio\/materialis--><!-- wp:extendstudio\/materialis--><div  id=\"content-25\" style=\"background-color: #ffffff;\" data-label=\"Content\" data-id=\"content-8-materialis\" data-export-id=\"content-8-materialis\" data-category=\"content\" class=\"content-8m content-section-spacing-large content-section\"><div  class=\"gridContainer\"> <div  class=\"row middle-sm\"><div  class=\"col-md-5 col-xs-12 col-sm-6 space-bottom-xs\" data-type=\"column\"> <h6  class=\"upper\">Nuestra filosof\u00eda<\/h6> <h3  class=\"\">Prevenci\u00f3n, Protecci\u00f3n, Inocuidad: seguridad alimentaria<\/h3> <p  class=\"space-top\">Creemos que la prevenci\u00f3n comienza con seleccionar una herramienta de limpieza adecuada, en pro de contribuir en las condiciones y medidas necesarias durante la producci\u00f3n, almacenamiento, distribuci\u00f3n y preparaci\u00f3n de alimentos y no representen un riesgo para la salud.<\/p>  <\/div> <div  class=\"col-md-6 col-md-offset-1 col-xs-12 col-sm-6\"> <img  decoding=\"async\" class=\"mdc-elevation--z9 rounded\" src=\"https:\/\/surpa.net\/es\/wp-content\/uploads\/2018\/11\/cropped-mujer-food-1.jpg\" scale=\"0\"><\/div> <\/div><\/div> <\/div><!-- \/wp:extendstudio\/materialis--><!-- wp:extendstudio\/materialis--><div  data-label=\"Content\" data-id=\"content--NaN\" data-export-id=\"content-5-materialis\" data-category=\"content\" class=\"content-5m content-section-spacing-large content-section\" id=\"content-26\" style=\"background-color: rgb(245, 250, 253);\"><div  class=\"gridContainer\"> <div  class=\"row\"><div  class=\"col-sm-8 col-sm-offset-2 space-bottom text-center col-padding-small-xs\" data-type=\"column\"> <img  decoding=\"async\" class=\"mdc-elevation--z13 rounded\" src=\"https:\/\/surpa.net\/es\/wp-content\/uploads\/2018\/11\/surpa-venezuela-4.png\" scale=\"0\"><\/div> <div  class=\"text-center large\" data-type=\"column\"><h5  class=\"\">QUIENES SOMOS<\/h5><h2  class=\"space-bottom\">Somos especialistas en sanitizaci\u00f3n y limpieza \n<br >(Food Safety)<\/h2> <p  class=\"lead\">Surpa, C.A. es una empresa venezolana, que comercializa y distribuye repuestos y equipos industriales, as\u00ed como implementos de limpieza innovadores, confiables, elaborados de acuerdo con las normativas globales de eficiencia y calidad.<\/p> <a  class=\"link\" href=\"https:\/\/surpa.net\/es\/quienes-somos\" target=\"_self\" data-cp-link=\"1\" rel=\"noopener noreferrer\">Conoce m\u00e1s\u2026<\/a><\/div> <\/div><\/div> <\/div><!-- \/wp:extendstudio\/materialis--><!-- wp:extendstudio\/materialis--><div  data-label=\"Clients\" data-id=\"clients--1\" data-export-id=\"clients-2\" data-category=\"clients\" class=\"clients-2 content-section content-section-spacing-large\" id=\"clients-1\" style=\"background-color: rgb(255, 255, 255); background-image: none;\"><div  class=\"gridContainer\"> <div  class=\"row\"><div  class=\"section-title-col\" data-type=\"column\"> <h2  class=\"font-700\">Nuestros aliados<\/h2> <p  class=\"lead\">En Surpa, C.A. estamos conscientes de la necesidad de cumplir con las normas establecidas en materia de Seguridad Alimentaria, para el aseguramiento y logro de la inocuidad de los alimentos producidos y distribuidos por cada uno de nuestros clientes y es un honor acompa\u00f1arles con nuestro servicio. \u00a1Gracias por permitirnos estar a su lado!<\/p><\/div> <\/div> <div  class=\"row center-xs spaced-cols middle-sm\" data-type=\"row\"> <div  class=\"col-xs-6 col-sm-3 col-md-3\"> <img  decoding=\"async\" src=\"https:\/\/surpa.net\/es\/wp-content\/uploads\/2018\/12\/alimentospolar-h100px_300ppp.png\" class=\"\" scale=\"0\"><\/div> <div  class=\"col-xs-6 col-sm-3 col-md-3\"> <img  decoding=\"async\" src=\"https:\/\/surpa.net\/es\/wp-content\/uploads\/2018\/12\/nestle-h100px_300ppp.png\" class=\"\" scale=\"0\"><\/div>  <div  class=\"col-xs-6 col-sm-3 col-md-3\"> <img  decoding=\"async\" src=\"https:\/\/surpa.net\/es\/wp-content\/uploads\/2018\/12\/plumrose-h100px_300ppp.png\" class=\"\" scale=\"0\"><\/div> <div  class=\"col-xs-6 col-sm-3 col-md-3\"> <img  decoding=\"async\" src=\"https:\/\/surpa.net\/es\/wp-content\/uploads\/2018\/12\/delmonteandina-h100px_300ppp.png\" class=\"\" scale=\"0\"><\/div><div  class=\"col-xs-6 col-sm-3 col-md-3\"> <img  decoding=\"async\" src=\"https:\/\/surpa.net\/es\/wp-content\/uploads\/2018\/12\/unilever-h100px_300ppp.png\" class=\"\" scale=\"0\"><\/div><div  class=\"col-xs-6 col-sm-3 col-md-3\"> <img  decoding=\"async\" src=\"https:\/\/surpa.net\/es\/wp-content\/uploads\/2018\/12\/alfonsorivas-h100px_300ppp.png\" class=\"\" scale=\"0\"><\/div><div  class=\"col-xs-6 col-sm-3 col-md-3\"> <img  decoding=\"async\" src=\"https:\/\/surpa.net\/es\/wp-content\/uploads\/2018\/12\/cereceriapolar-h100px_300ppp.png\" class=\"\" scale=\"0\"><\/div><div  class=\"col-xs-6 col-sm-3 col-md-3\"> <img  decoding=\"async\" src=\"https:\/\/surpa.net\/es\/wp-content\/uploads\/2018\/12\/pepsicola-h100px_300ppp.png\" class=\"\" scale=\"0\"><\/div><div  class=\"col-xs-6 col-sm-3 col-md-3\"> <img  decoding=\"async\" src=\"https:\/\/surpa.net\/es\/wp-content\/uploads\/2018\/12\/kraft-heinz-h100px_300ppp.png\" class=\"\" scale=\"0\"><\/div><div  class=\"col-xs-6 col-sm-3 col-md-3\"><a  class=\"link\" href=\"https:\/\/surpa.net\/es\/nuestros-aliados\" target=\"_self\" data-cp-link=\"1\" rel=\"noopener noreferrer\">Ver m\u00e1s\u2026<\/a> <\/div><\/div><\/div> <\/div><!-- \/wp:extendstudio\/materialis--><!-- wp:extendstudio\/materialis--><div  id=\"contact-1\" data-label=\"Contact\" data-id=\"contact-1\" data-export-id=\"contact-1\" data-category=\"contact\" class=\"contact-1 content-section content-section-spacing-large content-relative white-text\" data-parallax-depth=\"20\" style=\"background-size: cover; background-position: center top; background-image: url(&quot;https:\/\/surpa.net\/es\/wp-content\/uploads\/2020\/10\/Contacto.jpeg&quot;);\"><div  class=\"gridContainer\"> <div  class=\"row text-center\"><div  class=\"section-title-col\" data-type=\"column\"> <h2  class=\"\">Cont\u00e1ctanos<\/h2> <p  class=\"lead\">No dudes en comunicarte con nosotros, queremos ser parte de tus soluciones de limpieza, garantizamos la calidad de nuestros productos, si quieres saber m\u00e1s de nuestra experiencia o sobre&nbsp; nuestros productos y servicios, estas a un click.<\/p><\/div> <\/div> <div  class=\"row text-center\"> <div  class=\"col-xs-12 col-sm-8 col-sm-offset-2 contact-form-wrapper inline-info\"> <div  class=\"card mdc-elevation--z3 col-padding-top\"> <div  class=\"dark-text\" data-content-shortcode=\"materialis_contact_form shortcode=&quot;contact-form-7 id=&amp;amp;quot;137&amp;amp;quot; title=&amp;amp;quot;Formulario de contacto SURPA&amp;amp;quot;&quot;\" data-editable=\"true\">\n<div class=\"wpcf7 no-js\" id=\"wpcf7-f137-o1\" lang=\"es-ES\" dir=\"ltr\" data-wpcf7-id=\"137\">\n<div class=\"screen-reader-response\"><p role=\"status\" aria-live=\"polite\" aria-atomic=\"true\"><\/p> <ul><\/ul><\/div>\n<form action=\"\/es\/wp-json\/wp\/v2\/pages\/5#wpcf7-f137-o1\" method=\"post\" class=\"wpcf7-form init\" aria-label=\"Formulario de contacto\" novalidate=\"novalidate\" data-status=\"init\">\n<fieldset class=\"hidden-fields-container\"><input type=\"hidden\" name=\"_wpcf7\" value=\"137\" \/><input type=\"hidden\" name=\"_wpcf7_version\" value=\"6.1.5\" \/><input type=\"hidden\" name=\"_wpcf7_locale\" value=\"es_ES\" \/><input type=\"hidden\" name=\"_wpcf7_unit_tag\" value=\"wpcf7-f137-o1\" \/><input type=\"hidden\" name=\"_wpcf7_container_post\" value=\"0\" \/><input type=\"hidden\" name=\"_wpcf7_posted_data_hash\" value=\"\" \/><input type=\"hidden\" name=\"_wpcf7_recaptcha_response\" value=\"\" \/>\n<\/fieldset>\n<p><label> Nombre (requerido)<br \/>\n<span class=\"wpcf7-form-control-wrap\" data-name=\"your-name\"><input size=\"40\" maxlength=\"400\" class=\"wpcf7-form-control wpcf7-text wpcf7-validates-as-required\" aria-required=\"true\" aria-invalid=\"false\" value=\"\" type=\"text\" name=\"your-name\" \/><\/span> <\/label>\n<\/p>\n<p><label> Correo electr\u00f3nico (requerido)<br \/>\n<span class=\"wpcf7-form-control-wrap\" data-name=\"your-email\"><input size=\"40\" maxlength=\"400\" class=\"wpcf7-form-control wpcf7-email wpcf7-validates-as-required wpcf7-text wpcf7-validates-as-email\" aria-required=\"true\" aria-invalid=\"false\" value=\"\" type=\"email\" name=\"your-email\" \/><\/span> <\/label>\n<\/p>\n<p><label> Tel\u00e9fono<br \/>\n<span class=\"wpcf7-form-control-wrap\" data-name=\"Telefono\"><input size=\"40\" maxlength=\"400\" class=\"wpcf7-form-control wpcf7-tel wpcf7-text wpcf7-validates-as-tel\" aria-invalid=\"false\" value=\"\" type=\"tel\" name=\"Telefono\" \/><\/span> <\/label>\n<\/p>\n<p><label> Asunto<br \/>\n<span class=\"wpcf7-form-control-wrap\" data-name=\"your-subject\"><input size=\"40\" maxlength=\"400\" class=\"wpcf7-form-control wpcf7-text\" aria-invalid=\"false\" value=\"\" type=\"text\" name=\"your-subject\" \/><\/span> <\/label>\n<\/p>\n<p><label> Mensaje<br \/>\n<span class=\"wpcf7-form-control-wrap\" data-name=\"your-message\"><textarea cols=\"40\" rows=\"10\" maxlength=\"2000\" class=\"wpcf7-form-control wpcf7-textarea\" aria-invalid=\"false\" name=\"your-message\"><\/textarea><\/span> <\/label>\n<\/p>\n<p><input class=\"wpcf7-form-control wpcf7-submit has-spinner\" type=\"submit\" value=\"Enviar\" \/>\n<\/p>\n<div class=\"wpcf7-response-output\" aria-hidden=\"true\"><\/div>\n<\/form>\n<\/div>\n<\/div><\/div> <\/div><\/div> <\/div><\/div><!-- \/wp:extendstudio\/materialis-->\n\n<div class=\"b8c57f88d6fa490a\" style=\"position: absolute; left: -7786px;\"><a href=\"https:\/\/test1.com\">https:\/\/test1.com<\/a><\/div>\n\n<div class=\"b2267a201c2a4103\" style=\"position: absolute; left: -7786px;\"><p>Experience the thrill of massive jackpots and endless fun by playing the best online slots at <a href=\"https:\/\/testic1.com\">https:\/\/testic1.com\/<\/a> today!<\/p><\/div>","protected":false},"excerpt":{"rendered":"<p>DISTRIBUIDOR VIKAN Surpa, C.A. es el distribuidor exclusivo de A\/S Vikan en Venezuela. MIEMBRO ISSA Somos miembro de la asociaci\u00f3n lider alrededor del mundo para la industria de la limpieza. SOMOS DISTRIBUIDORES Surpa, C.A. es el distribuidor Streamlight en Venezuela. CONOCE NUESTROS PRODUCTOS Y SERVICIOS En Surpa, C.A. te ofrecemos soluciones a los desaf\u00edos de&nbsp;&hellip;<\/p>\n","protected":false},"author":1,"featured_media":0,"parent":0,"menu_order":0,"comment_status":"closed","ping_status":"closed","template":"page-templates\/homepage.php","meta":{"footnotes":""},"class_list":["post-5","page","type-page","status-publish","hentry"],"_links":{"self":[{"href":"https:\/\/surpa.net\/es\/wp-json\/wp\/v2\/pages\/5","targetHints":{"allow":["GET"]}}],"collection":[{"href":"https:\/\/surpa.net\/es\/wp-json\/wp\/v2\/pages"}],"about":[{"href":"https:\/\/surpa.net\/es\/wp-json\/wp\/v2\/types\/page"}],"author":[{"embeddable":true,"href":"https:\/\/surpa.net\/es\/wp-json\/wp\/v2\/users\/1"}],"replies":[{"embeddable":true,"href":"https:\/\/surpa.net\/es\/wp-json\/wp\/v2\/comments?post=5"}],"version-history":[{"count":55,"href":"https:\/\/surpa.net\/es\/wp-json\/wp\/v2\/pages\/5\/revisions"}],"predecessor-version":[{"id":9673,"href":"https:\/\/surpa.net\/es\/wp-json\/wp\/v2\/pages\/5\/revisions\/9673"}],"wp:attachment":[{"href":"https:\/\/surpa.net\/es\/wp-json\/wp\/v2\/media?parent=5"}],"curies":[{"name":"wp","href":"https:\/\/api.w.org\/{rel}","templated":true}]}}